{"id":709,"date":"2023-09-04T13:57:36","date_gmt":"2023-09-04T13:57:36","guid":{"rendered":"https:\/\/expandeplus.com\/?post_type=product&#038;p=709"},"modified":"2023-09-15T18:12:02","modified_gmt":"2023-09-15T18:12:02","slug":"tallo-y-coral-60-80","status":"publish","type":"product","link":"https:\/\/expandeplus.com\/index.php\/product\/tallo-y-coral-60-80\/","title":{"rendered":"Tallo y Coral 60\/80"},"content":{"rendered":"<p>Una dieta rica en vitamina B12 y Omega 3 tambi\u00e9n puede proteger contra el c\u00e1ncer de colon. La vitamina B12 ayuda a proteger a las c\u00e9lulas del colon de mutaciones como resultado de qu\u00edmicos cancer\u00edgenos.<\/p>\n","protected":false},"excerpt":{"rendered":"<p><strong>Roe On<\/strong>: Desvalvada y limpia, incluye tallo y g\u00f3nada. Aproximadamente\u00a0 entre 60 &#8211; 80 unidades.\u00a0 Fuente de energ\u00eda, previene la anemia y mejora el sistema inmunol\u00f3gico. Es rico en nutrientes como el omega 3, magnesio y potasio.<\/p>\n<p>Incoterm (International Commercial Terms): <strong>EXW<\/strong><\/p>\n<p>&nbsp;<\/p>\n<ul>\n<li><strong>Temperatura<\/strong> Fresco<\/li>\n<li><strong>Peso<\/strong> 1.00 Kg.<\/li>\n<li><strong>Unidades<\/strong> 60-80<\/li>\n<li><strong>Prote\u00ednas<\/strong> 16.00<\/li>\n<li><strong>Grasa<\/strong> 1.80<\/li>\n<li><strong>Calcio<\/strong> (mg) 12.00<\/li>\n<li><strong>Vitamina<\/strong> C (mg) 11.60<\/li>\n<\/ul>\n","protected":false},"featured_media":301,"template":"","meta":[],"product_cat":[17],"product_tag":[],"_links":{"self":[{"href":"https:\/\/expandeplus.com\/index.php\/wp-json\/wp\/v2\/product\/709"}],"collection":[{"href":"https:\/\/expandeplus.com\/index.php\/wp-json\/wp\/v2\/product"}],"about":[{"href":"https:\/\/expandeplus.com\/index.php\/wp-json\/wp\/v2\/types\/product"}],"wp:featuredmedia":[{"embeddable":true,"href":"https:\/\/expandeplus.com\/index.php\/wp-json\/wp\/v2\/media\/301"}],"wp:attachment":[{"href":"https:\/\/expandeplus.com\/index.php\/wp-json\/wp\/v2\/media?parent=709"}],"wp:term":[{"taxonomy":"product_cat","embeddable":true,"href":"https:\/\/expandeplus.com\/index.php\/wp-json\/wp\/v2\/product_cat?post=709"},{"taxonomy":"product_tag","embeddable":true,"href":"https:\/\/expandeplus.com\/index.php\/wp-json\/wp\/v2\/product_tag?post=709"}],"curies":[{"name":"wp","href":"https:\/\/api.w.org\/{rel}","templated":true}]}}