{"id":546,"date":"2023-08-20T05:21:38","date_gmt":"2023-08-20T05:21:38","guid":{"rendered":"https:\/\/expandeplus.com\/?post_type=product&#038;p=546"},"modified":"2023-08-24T16:38:47","modified_gmt":"2023-08-24T16:38:47","slug":"media-valva","status":"publish","type":"product","link":"https:\/\/expandeplus.com\/index.php\/product\/media-valva\/","title":{"rendered":"1\/2 Valva  Integral"},"content":{"rendered":"<p><strong>Halfshell Scallop:<\/strong> Concha de abanico en una valva con tallo y coral-<\/p>\n<p>Fuente de energ\u00eda, previene la anemia y mejora el sistema inmunol\u00f3gico. Es rico en nutrientes como el omega 3, magnesio y potasio.<\/p>\n<ul>\n<li><strong>Peso:<\/strong> 1 Kg.<\/li>\n<li><strong>Unidad:<\/strong> 37 unidades<\/li>\n<li><strong>Prote\u00ednas<\/strong> 16.00<\/li>\n<li><strong>Grasa<\/strong> 1.80<\/li>\n<li><strong>Calcio<\/strong> (mg) 12.00<\/li>\n<li><strong>Vitamina<\/strong> C (mg) 11.60<\/li>\n<\/ul>\n","protected":false},"excerpt":{"rendered":"<p>Halfshell Scallop: Concha de abanico en una valva con tallo y coral- Fuente de energ\u00eda, previene la anemia y mejora el sistema inmunol\u00f3gico. Es rico en nutrientes como el omega 3, magnesio y potasio. Peso: 1 Kg. Unidad: 37 unidades Prote\u00ednas 16.00 Grasa 1.80 Calcio (mg) 12.00 Vitamina C (mg) 11.60<\/p>\n","protected":false},"featured_media":517,"template":"","meta":[],"product_cat":[17],"product_tag":[],"_links":{"self":[{"href":"https:\/\/expandeplus.com\/index.php\/wp-json\/wp\/v2\/product\/546"}],"collection":[{"href":"https:\/\/expandeplus.com\/index.php\/wp-json\/wp\/v2\/product"}],"about":[{"href":"https:\/\/expandeplus.com\/index.php\/wp-json\/wp\/v2\/types\/product"}],"wp:featuredmedia":[{"embeddable":true,"href":"https:\/\/expandeplus.com\/index.php\/wp-json\/wp\/v2\/media\/517"}],"wp:attachment":[{"href":"https:\/\/expandeplus.com\/index.php\/wp-json\/wp\/v2\/media?parent=546"}],"wp:term":[{"taxonomy":"product_cat","embeddable":true,"href":"https:\/\/expandeplus.com\/index.php\/wp-json\/wp\/v2\/product_cat?post=546"},{"taxonomy":"product_tag","embeddable":true,"href":"https:\/\/expandeplus.com\/index.php\/wp-json\/wp\/v2\/product_tag?post=546"}],"curies":[{"name":"wp","href":"https:\/\/api.w.org\/{rel}","templated":true}]}}