{"id":588,"date":"2023-08-25T22:47:20","date_gmt":"2023-08-25T22:47:20","guid":{"rendered":"https:\/\/expandeplus.com\/?page_id=588"},"modified":"2023-09-15T18:41:22","modified_gmt":"2023-09-15T18:41:22","slug":"software-web-de-gestion-comercial","status":"publish","type":"page","link":"https:\/\/expandeplus.com\/index.php\/software-web-de-gestion-comercial\/","title":{"rendered":"SOFTWARE WEB de gesti\u00f3n comercial"},"content":{"rendered":"\n<p>La aparici\u00f3n de herramientas tecnol\u00f3gicas inteligentes, esta otorgando, hoy en d\u00eda, una gran  ventaja competitiva para quienes cuentan con este tipo de recursos inform\u00e1ticos. El sector comercial no es ajeno a los nuevos cambios tecnol\u00f3gicos, y esta aprovechando las ventajas que ofrecen las nuevas tecnolog\u00edas, como la disminuci\u00f3n de tiempo y de errores humanos en los procesos del negocio (Compras, ventas, facturaci\u00f3n, , inventarios, transportes, etc), simplificaci\u00f3n del almacenamiento de la informaci\u00f3n y mayor acceso a la misma, aumento de productividad, mejora en la toma de decisiones, reducci\u00f3n de costos, etc.<\/p>\n\n\n\n<p>En <strong>Expande Plus<\/strong>, estamos desarrollando un<strong> Software web<\/strong>, para emprendedores, que les permita gestionar con precisi\u00f3n las compras, ventas, inventarios, facturaciones, asimismo, conocer el volumen de ventas, productos de mas alta rotaci\u00f3n, utilidades en sus negocios, etc. <\/p>\n\n\n\n<div style=\"height:24px\" aria-hidden=\"true\" class=\"wp-block-spacer\"><\/div>\n\n\n\n<div class=\"wp-block-group is-layout-constrained wp-block-group-is-layout-constrained\"><div class=\"wp-block-group__inner-container\">\n<figure class=\"wp-block-gallery has-nested-images columns-2 is-cropped wp-block-gallery-1 is-layout-flex wp-block-gallery-is-layout-flex\">\n<figure class=\"wp-block-image size-large marco_imagen\"><a href=\"https:\/\/expandeplus.com\/wp-content\/uploads\/2023\/08\/Software_ventas_3.png\"><img decoding=\"async\" loading=\"lazy\" width=\"1024\" height=\"510\" src=\"https:\/\/expandeplus.com\/wp-content\/uploads\/2023\/08\/Software_ventas_3-1024x510.png\" alt=\"\" class=\"wp-image-642\" srcset=\"https:\/\/expandeplus.com\/wp-content\/uploads\/2023\/08\/Software_ventas_3-1024x510.png 1024w, https:\/\/expandeplus.com\/wp-content\/uploads\/2023\/08\/Software_ventas_3-300x149.png 300w, https:\/\/expandeplus.com\/wp-content\/uploads\/2023\/08\/Software_ventas_3-768x383.png 768w, https:\/\/expandeplus.com\/wp-content\/uploads\/2023\/08\/Software_ventas_3-600x299.png 600w, https:\/\/expandeplus.com\/wp-content\/uploads\/2023\/08\/Software_ventas_3.png 1311w\" sizes=\"(max-width: 1024px) 100vw, 1024px\" \/><\/a><figcaption class=\"wp-element-caption\"><strong>M\u00f3dulo compras<\/strong><\/figcaption><\/figure>\n\n\n\n<figure class=\"wp-block-image size-large marco_imagen\"><a href=\"https:\/\/expandeplus.com\/wp-content\/uploads\/2023\/08\/Software_ventas_1-1.png\"><img decoding=\"async\" loading=\"lazy\" width=\"1024\" height=\"510\" src=\"https:\/\/expandeplus.com\/wp-content\/uploads\/2023\/08\/Software_ventas_1-1-1024x510.png\" alt=\"\" class=\"wp-image-631\" srcset=\"https:\/\/expandeplus.com\/wp-content\/uploads\/2023\/08\/Software_ventas_1-1-1024x510.png 1024w, https:\/\/expandeplus.com\/wp-content\/uploads\/2023\/08\/Software_ventas_1-1-300x149.png 300w, https:\/\/expandeplus.com\/wp-content\/uploads\/2023\/08\/Software_ventas_1-1-768x383.png 768w, https:\/\/expandeplus.com\/wp-content\/uploads\/2023\/08\/Software_ventas_1-1-600x299.png 600w, https:\/\/expandeplus.com\/wp-content\/uploads\/2023\/08\/Software_ventas_1-1.png 1311w\" sizes=\"(max-width: 1024px) 100vw, 1024px\" \/><\/a><figcaption class=\"wp-element-caption\"><strong>M\u00f3dulo ventas<\/strong><\/figcaption><\/figure>\n\n\n\n<figure class=\"wp-block-image size-large marco_imagen\"><a href=\"https:\/\/expandeplus.com\/wp-content\/uploads\/2023\/08\/Software_ventas_2.png\"><img decoding=\"async\" loading=\"lazy\" width=\"1024\" height=\"510\" src=\"https:\/\/expandeplus.com\/wp-content\/uploads\/2023\/08\/Software_ventas_2-1024x510.png\" alt=\"\" class=\"wp-image-615\" srcset=\"https:\/\/expandeplus.com\/wp-content\/uploads\/2023\/08\/Software_ventas_2-1024x510.png 1024w, https:\/\/expandeplus.com\/wp-content\/uploads\/2023\/08\/Software_ventas_2-300x149.png 300w, https:\/\/expandeplus.com\/wp-content\/uploads\/2023\/08\/Software_ventas_2-768x383.png 768w, https:\/\/expandeplus.com\/wp-content\/uploads\/2023\/08\/Software_ventas_2-600x299.png 600w, https:\/\/expandeplus.com\/wp-content\/uploads\/2023\/08\/Software_ventas_2.png 1311w\" sizes=\"(max-width: 1024px) 100vw, 1024px\" \/><\/a><figcaption class=\"wp-element-caption\"><strong>Consulta de compras realizadas, seg\u00fan rango de fechas<\/strong><\/figcaption><\/figure>\n<\/figure>\n<\/div><\/div>\n\n\n\n<div style=\"height:24px\" aria-hidden=\"true\" class=\"wp-block-spacer\"><\/div>\n\n\n\n<p>Con esta herramienta inform\u00e1tica, puede elevar las capacidades de su negocio, y alcanzar mejores resultados. Obtenga su acceso, totalmente gratis, a este <strong>Software Web<\/strong> en l\u00ednea (En desarrollo), construido por <strong>Expande Plus<\/strong>.<\/p>\n\n\n\n<div style=\"height:27px\" aria-hidden=\"true\" class=\"wp-block-spacer\"><\/div>\n\n\n<div class=\"wp-block-image\">\n<figure class=\"aligncenter size-full is-resized\"><a href=\"https:\/\/expandeplus.com\/demo\/acceso_principal.php\" target=\"_blank\" rel=\"https:\/\/expandeplus.com\/demo\/inicio.php noopener\"><img decoding=\"async\" loading=\"lazy\" src=\"https:\/\/expandeplus.com\/wp-content\/uploads\/2023\/09\/quiero_mi_acceso.png\" alt=\"\" class=\"wp-image-697\" style=\"width:259px;height:74px\" width=\"259\" height=\"74\"\/><\/a><\/figure><\/div>","protected":false},"excerpt":{"rendered":"<p>La aparici\u00f3n de herramientas tecnol\u00f3gicas inteligentes, esta otorgando, hoy en d\u00eda, una gran ventaja competitiva para quienes cuentan con este tipo de recursos inform\u00e1ticos. El sector comercial no es ajeno a los nuevos cambios tecnol\u00f3gicos, y esta aprovechando las ventajas que ofrecen las nuevas tecnolog\u00edas, como la disminuci\u00f3n de tiempo y de errores humanos en [&hellip;]<\/p>\n","protected":false},"author":1,"featured_media":606,"parent":0,"menu_order":0,"comment_status":"closed","ping_status":"closed","template":"","meta":{"footnotes":""},"_links":{"self":[{"href":"https:\/\/expandeplus.com\/index.php\/wp-json\/wp\/v2\/pages\/588"}],"collection":[{"href":"https:\/\/expandeplus.com\/index.php\/wp-json\/wp\/v2\/pages"}],"about":[{"href":"https:\/\/expandeplus.com\/index.php\/wp-json\/wp\/v2\/types\/page"}],"author":[{"embeddable":true,"href":"https:\/\/expandeplus.com\/index.php\/wp-json\/wp\/v2\/users\/1"}],"replies":[{"embeddable":true,"href":"https:\/\/expandeplus.com\/index.php\/wp-json\/wp\/v2\/comments?post=588"}],"version-history":[{"count":60,"href":"https:\/\/expandeplus.com\/index.php\/wp-json\/wp\/v2\/pages\/588\/revisions"}],"predecessor-version":[{"id":769,"href":"https:\/\/expandeplus.com\/index.php\/wp-json\/wp\/v2\/pages\/588\/revisions\/769"}],"wp:featuredmedia":[{"embeddable":true,"href":"https:\/\/expandeplus.com\/index.php\/wp-json\/wp\/v2\/media\/606"}],"wp:attachment":[{"href":"https:\/\/expandeplus.com\/index.php\/wp-json\/wp\/v2\/media?parent=588"}],"curies":[{"name":"wp","href":"https:\/\/api.w.org\/{rel}","templated":true}]}}