{"id":2,"date":"2023-02-17T23:19:53","date_gmt":"2023-02-17T23:19:53","guid":{"rendered":"http:\/\/expandeplus.com\/?page_id=2"},"modified":"2023-08-23T02:59:56","modified_gmt":"2023-08-23T02:59:56","slug":"sample-page","status":"publish","type":"page","link":"https:\/\/expandeplus.com\/","title":{"rendered":"Bienvenidos"},"content":{"rendered":"\n<p class=\"has-cyan-bluish-gray-color has-black-background-color has-text-color has-background\" style=\"font-size:18px\"><strong>Expande Plus<\/strong>, es una empresa dedicada a diversos giros de negocios como la <em>construcci\u00f3n<\/em>, <em>acuicultura<\/em>, <em>inform\u00e1tica<\/em> y <em>otros<\/em>. Nuestros servicios son desarrollados por personal calificado de vasta experiencia y estan completamente orientados al cliente:<\/p>\n\n\n\n<hr class=\"wp-block-separator has-alpha-channel-opacity\"\/>\n\n\n\n<p><\/p>\n\n\n\n<blockquote class=\"wp-block-quote\">\n<p>En <strong>Construcci\u00f3n<\/strong> realizamos edificaciones p\u00fablicas y privadas de residencias, centros educativos, locales comerciales, otros y servicios generales. (Alba\u00f1ileria, carpinteria, electricidad, recarga y mantenimiento de extintores.)<\/p>\n<\/blockquote>\n\n\n\n<p><\/p>\n\n\n\n<blockquote class=\"wp-block-quote\">\n<p>En <strong>Acuicultura<\/strong> nos dedicamos a la captaci\u00f3n de semilla natural de concha de abanico (larvas de<em> Agropecten Purpuratus<\/em>) para  luego obtener las post larvas, que en algunos casos la comercializamos y en otros realizamos la siembra, cultivo, extracci\u00f3n y comercializaci\u00f3n de las mismas cuando hayan alcanzado la talla adulta que se\u00f1alan y advierten las normas vigentes, referentes a estos recursos. Nuestros productos hidrobiol\u00f3gicos cuentan con los permisos y autorizaci\u00f3n sanitaria para una legal extracci\u00f3n, transporte, venta y consumo, adem\u00e1s de estar constantemente monitoreados por SANIPES (Organismo Nacional de Sanidad Pesquera), que garantiza la inocuidad en los alimentos de origen mar\u00edtimo en el Per\u00fa para su consumo a nivel nacional e internacional.<\/p>\n<\/blockquote>\n\n\n\n<blockquote class=\"wp-block-quote\">\n<p>En <strong>Inform\u00e1tica<\/strong> desarrollamos Aplicaciones web, P\u00e1ginas web, mantenimiento de equipos inform\u00e1ticos e Instalaciones de camaras de vigilancia entre otros. Actualmente estamos desarrollando un software web cuyas principales funciones seran la administraci\u00f3n de compras, ventas y almacenamiento de art\u00edculos seg\u00fan el giro de su negocio. Podra acceder en tiempo real a la informaci\u00f3n de su negocio desde cualquier dispositivo (Pc, Laptop, Smartphone) a cualquier hora y desde cualquier lugar.<\/p>\n\n\n\n<p>Pronto estaremos poniendo a su disposici\u00f3n un link de acceso directo al demo.<\/p>\n<\/blockquote>\n\n\n\n<p><\/p>\n\n\n\n<p><\/p>\n\n\n\n<p>Expande Plus!<\/p>\n","protected":false},"excerpt":{"rendered":"<p>Expande Plus, es una empresa dedicada a diversos giros de negocios como la construcci\u00f3n, acuicultura, inform\u00e1tica y otros. Nuestros servicios son desarrollados por personal calificado de vasta experiencia y estan completamente orientados al cliente: En Construcci\u00f3n realizamos edificaciones p\u00fablicas y privadas de residencias, centros educativos, locales comerciales, otros y servicios generales. (Alba\u00f1ileria, carpinteria, electricidad, recarga [&hellip;]<\/p>\n","protected":false},"author":1,"featured_media":33,"parent":0,"menu_order":0,"comment_status":"closed","ping_status":"open","template":"","meta":{"footnotes":""},"_links":{"self":[{"href":"https:\/\/expandeplus.com\/index.php\/wp-json\/wp\/v2\/pages\/2"}],"collection":[{"href":"https:\/\/expandeplus.com\/index.php\/wp-json\/wp\/v2\/pages"}],"about":[{"href":"https:\/\/expandeplus.com\/index.php\/wp-json\/wp\/v2\/types\/page"}],"author":[{"embeddable":true,"href":"https:\/\/expandeplus.com\/index.php\/wp-json\/wp\/v2\/users\/1"}],"replies":[{"embeddable":true,"href":"https:\/\/expandeplus.com\/index.php\/wp-json\/wp\/v2\/comments?post=2"}],"version-history":[{"count":38,"href":"https:\/\/expandeplus.com\/index.php\/wp-json\/wp\/v2\/pages\/2\/revisions"}],"predecessor-version":[{"id":562,"href":"https:\/\/expandeplus.com\/index.php\/wp-json\/wp\/v2\/pages\/2\/revisions\/562"}],"wp:featuredmedia":[{"embeddable":true,"href":"https:\/\/expandeplus.com\/index.php\/wp-json\/wp\/v2\/media\/33"}],"wp:attachment":[{"href":"https:\/\/expandeplus.com\/index.php\/wp-json\/wp\/v2\/media?parent=2"}],"curies":[{"name":"wp","href":"https:\/\/api.w.org\/{rel}","templated":true}]}}