{"id":156,"date":"2023-03-28T17:13:58","date_gmt":"2023-03-28T17:13:58","guid":{"rendered":"https:\/\/expandeplus.com\/?page_id=156"},"modified":"2023-08-16T05:06:29","modified_gmt":"2023-08-16T05:06:29","slug":"edificaciones-y-servicios-generales","status":"publish","type":"page","link":"https:\/\/expandeplus.com\/index.php\/edificaciones-y-servicios-generales\/","title":{"rendered":"Edificaciones y Servicios Generales"},"content":{"rendered":"\n<div class=\"wp-block-columns is-layout-flex wp-container-3 wp-block-columns-is-layout-flex\">\n<div class=\"wp-block-column is-layout-flow wp-block-column-is-layout-flow\" style=\"flex-basis:33.33%\">\n<figure class=\"wp-block-image alignwide size-full\"><img decoding=\"async\" loading=\"lazy\" width=\"226\" height=\"172\" src=\"https:\/\/expandeplus.com\/wp-content\/uploads\/2023\/03\/edificaciones-e1680062683824.jpg\" alt=\"\" class=\"wp-image-179\"\/><figcaption class=\"wp-element-caption\"><strong>Edificaciomes<\/strong><\/figcaption><\/figure>\n<\/div>\n\n\n\n<div class=\"wp-block-column is-layout-flow wp-block-column-is-layout-flow\" style=\"flex-basis:66.66%\">\n<p class=\"has-vivid-cyan-blue-color has-text-color\"><strong>EDIFICACIONES<\/strong><\/p>\n\n\n\n<p>Somos una empresa peruana que se dedica a la construccion de  obras publicas y privadas dentro los est\u00e1ndares legales que exigen las normativas vigentes. Contamos con un excelente equipo de trabajo, como proveedores de materiales de construcci\u00f3n, ingenieros civiles, arquitectos, t\u00e9cnicos de ingenier\u00eda civil o estructural y otros.<\/p>\n<\/div>\n<\/div>\n\n\n\n<div class=\"wp-block-columns is-layout-flex wp-container-6 wp-block-columns-is-layout-flex\">\n<div class=\"wp-block-column is-layout-flow wp-block-column-is-layout-flow\" style=\"flex-basis:33.33%\">\n<figure class=\"wp-block-image alignwide size-full\"><img decoding=\"async\" loading=\"lazy\" width=\"970\" height=\"702\" src=\"https:\/\/expandeplus.com\/wp-content\/uploads\/2023\/03\/sg1.jpg\" alt=\"\" class=\"wp-image-174\" srcset=\"https:\/\/expandeplus.com\/wp-content\/uploads\/2023\/03\/sg1.jpg 970w, https:\/\/expandeplus.com\/wp-content\/uploads\/2023\/03\/sg1-300x217.jpg 300w, https:\/\/expandeplus.com\/wp-content\/uploads\/2023\/03\/sg1-768x556.jpg 768w, https:\/\/expandeplus.com\/wp-content\/uploads\/2023\/03\/sg1-600x434.jpg 600w\" sizes=\"(max-width: 970px) 100vw, 970px\" \/><figcaption class=\"wp-element-caption\"><strong>Servicios Generales<\/strong><\/figcaption><\/figure>\n<\/div>\n\n\n\n<div class=\"wp-block-column is-layout-flow wp-block-column-is-layout-flow\" style=\"flex-basis:66.66%\">\n<p class=\"has-vivid-cyan-blue-color has-text-color\"><strong>SERVICIOS GENERALES<\/strong><\/p>\n\n\n\n<p><strong>Reparaci\u00f3n <\/strong>de paredes, techos, pisos, fugas de agua, <strong>Instalaci\u00f3n <\/strong>de ba\u00f1eras, pisos, baldosas, <strong>Construcci\u00f3n<\/strong> de muros y roperos empotrados, etc. Tenemos profesionales calificados y experimentados como alba\u00f1iles para estructuras simples o complejas, t\u00e9cnicos de impermeabilizaci\u00f3n, instaladores de ventanas, etc.<\/p>\n<\/div>\n<\/div>\n\n\n\n<div class=\"wp-block-columns is-layout-flex wp-container-9 wp-block-columns-is-layout-flex\">\n<div class=\"wp-block-column is-layout-flow wp-block-column-is-layout-flow\" style=\"flex-basis:33.33%\"><\/div>\n\n\n\n<div class=\"wp-block-column is-layout-flow wp-block-column-is-layout-flow\" style=\"flex-basis:66.66%\"><\/div>\n<\/div>\n","protected":false},"excerpt":{"rendered":"<p>EDIFICACIONES Somos una empresa peruana que se dedica a la construccion de obras publicas y privadas dentro los est\u00e1ndares legales que exigen las normativas vigentes. Contamos con un excelente equipo de trabajo, como proveedores de materiales de construcci\u00f3n, ingenieros civiles, arquitectos, t\u00e9cnicos de ingenier\u00eda civil o estructural y otros. SERVICIOS GENERALES Reparaci\u00f3n de paredes, techos, [&hellip;]<\/p>\n","protected":false},"author":1,"featured_media":420,"parent":0,"menu_order":0,"comment_status":"closed","ping_status":"closed","template":"","meta":{"footnotes":""},"_links":{"self":[{"href":"https:\/\/expandeplus.com\/index.php\/wp-json\/wp\/v2\/pages\/156"}],"collection":[{"href":"https:\/\/expandeplus.com\/index.php\/wp-json\/wp\/v2\/pages"}],"about":[{"href":"https:\/\/expandeplus.com\/index.php\/wp-json\/wp\/v2\/types\/page"}],"author":[{"embeddable":true,"href":"https:\/\/expandeplus.com\/index.php\/wp-json\/wp\/v2\/users\/1"}],"replies":[{"embeddable":true,"href":"https:\/\/expandeplus.com\/index.php\/wp-json\/wp\/v2\/comments?post=156"}],"version-history":[{"count":9,"href":"https:\/\/expandeplus.com\/index.php\/wp-json\/wp\/v2\/pages\/156\/revisions"}],"predecessor-version":[{"id":190,"href":"https:\/\/expandeplus.com\/index.php\/wp-json\/wp\/v2\/pages\/156\/revisions\/190"}],"wp:featuredmedia":[{"embeddable":true,"href":"https:\/\/expandeplus.com\/index.php\/wp-json\/wp\/v2\/media\/420"}],"wp:attachment":[{"href":"https:\/\/expandeplus.com\/index.php\/wp-json\/wp\/v2\/media?parent=156"}],"curies":[{"name":"wp","href":"https:\/\/api.w.org\/{rel}","templated":true}]}}