{"id":117,"date":"2023-03-27T00:14:29","date_gmt":"2023-03-27T00:14:29","guid":{"rendered":"https:\/\/expandeplus.com\/?page_id=117"},"modified":"2023-09-15T16:51:20","modified_gmt":"2023-09-15T16:51:20","slug":"acuicultura","status":"publish","type":"page","link":"https:\/\/expandeplus.com\/index.php\/acuicultura\/","title":{"rendered":"ACUICULTURA (Maricultura)"},"content":{"rendered":"\n<h2 class=\"wp-block-heading\">Acuicultura de la Concha de Abanico<\/h2>\n\n\n\n<div style=\"height:24px\" aria-hidden=\"true\" class=\"wp-block-spacer\"><\/div>\n\n\n\n<figure class=\"wp-block-video\"><video controls src=\"https:\/\/expandeplus.com\/wp-content\/uploads\/2023\/07\/rumbo-instalacion-colectores.mp4\"><\/video><figcaption class=\"wp-element-caption\"><strong>Expande Plus<\/strong>, junio 2023, rumbo a la instalaci\u00f3n de colectores para la captaci\u00f3n de larvas de concha de abanico y su posterior cultivo, en la bah\u00eda de Sechura.<\/figcaption><\/figure>\n\n\n\n<div style=\"height:24px\" aria-hidden=\"true\" class=\"wp-block-spacer\"><\/div>\n\n\n\n<div class=\"wp-block-columns is-layout-flex wp-container-5 wp-block-columns-is-layout-flex\">\n<div class=\"wp-block-column is-layout-flow wp-block-column-is-layout-flow\" style=\"flex-basis:25%\">\n<figure class=\"wp-block-video\"><video controls src=\"https:\/\/expandeplus.com\/wp-content\/uploads\/2023\/07\/cunas-bebe.mp4\"><\/video><figcaption class=\"wp-element-caption\">Cunas beb\u00e9s para el crecimiento hasta la talla semilla, aproximadamente 25 mm.<\/figcaption><\/figure>\n<\/div>\n\n\n\n<div class=\"wp-block-column is-layout-flow wp-block-column-is-layout-flow\" style=\"flex-basis:25%\">\n<figure class=\"wp-block-video\"><video controls src=\"https:\/\/expandeplus.com\/wp-content\/uploads\/2023\/07\/Colectores-verdes.mp4\"><\/video><figcaption class=\"wp-element-caption\">Colectores para la captaci\u00f3n de larvas de concha de abanico habilitados, en almac\u00e9n.<\/figcaption><\/figure>\n<\/div>\n\n\n\n<div class=\"wp-block-column is-layout-flow wp-block-column-is-layout-flow\" style=\"flex-basis:25%\">\n<figure class=\"wp-block-video\"><video controls src=\"https:\/\/expandeplus.com\/wp-content\/uploads\/2023\/07\/Semilla-tinas.mp4\"><\/video><figcaption class=\"wp-element-caption\">Semilla de concha de abanico, listas para ser enviadas al corral de fondo y llegar a la adultez.<\/figcaption><\/figure>\n<\/div>\n\n\n\n<div class=\"wp-block-column is-layout-flow wp-block-column-is-layout-flow\" style=\"flex-basis:25%\">\n<figure class=\"wp-block-video\"><video controls src=\"https:\/\/expandeplus.com\/wp-content\/uploads\/2023\/04\/Captadores.mp4\"><\/video><figcaption class=\"wp-element-caption\">Retorno de las bolsas colectoras a playa para el lavado, secado y  reparado para una pr\u00f3xima captaci\u00f3n<\/figcaption><\/figure>\n<\/div>\n<\/div>\n\n\n\n<div style=\"height:21px\" aria-hidden=\"true\" class=\"wp-block-spacer\"><\/div>\n\n\n\n<p><strong>Expande Plus<\/strong>, en diciembre del a\u00f1o 2009, inici\u00f3 la elaboraci\u00f3n del proyecto de inversion, nivel perfil, denominado &#8220;<strong><font size=\"3\" color=\"#1F618D\">PRODUCCI\u00d3N DEL RECURSO HIDROBIOL\u00d3GICO CONCHA DE ABANICO<\/font><\/strong>&#8221; (<em>Agropecten<strong> <\/strong>Purpuratus<\/em>) en la isla de Chao y Gua\u00f1ape, provincia de Vir\u00fa, departamento de La Libertad, en asociaci\u00f3n con los pescadores artesanales de la zona. Sin embargo tras varios estudios de impacto ambiental se concluy\u00f3 que no era viable la realizaci\u00f3n de este proyecto en aquel lugar , tomando la decisi\u00f3n  de ir hacia la bah\u00eda de Samanco,\u00a0situada en el litoral de la provincia de Santa, departamento de Ancash.<\/p>\n\n\n\n<p>A partir del a\u00f1o 2017, realizamos con \u00e9xito nuestra primera captaci\u00f3n de larvas de concha de abanico realizando la siembra, cultivo, extracci\u00f3n y comercializaci\u00f3n de este recurso marino. Actualmente realizamos esta actividad acu\u00edcola, en la etapa del cultivo, en la<strong> <\/strong>bah\u00eda<strong> <\/strong>de<strong> <\/strong>Sechura, ubicada en el litoral de la provincia de Sechura, departamento de Piura, desde setiembre del 2022 en asociaci\u00f3n con los acuicultores de la zona. En Junio del 2023 iniciamos una segunda captaci\u00f3n de larvas en la mismo litoral norte\u00f1o, siendo afectados en cuanto a las fechas de captaci\u00f3n por el fen\u00f3meno natural de la corriente del ni\u00f1o.<\/p>\n\n\n\n<div style=\"height:34px\" aria-hidden=\"true\" class=\"wp-block-spacer\"><\/div>\n\n\n\n<div class=\"wp-block-columns is-layout-flex wp-container-7 wp-block-columns-is-layout-flex\">\n<div class=\"wp-block-column is-layout-flow wp-block-column-is-layout-flow\">\n<figure class=\"wp-block-image size-full\"><img decoding=\"async\" loading=\"lazy\" width=\"800\" height=\"355\" src=\"https:\/\/expandeplus.com\/wp-content\/uploads\/2023\/03\/Stefhani-acuicultura.png\" alt=\"\" class=\"wp-image-122\" srcset=\"https:\/\/expandeplus.com\/wp-content\/uploads\/2023\/03\/Stefhani-acuicultura.png 800w, https:\/\/expandeplus.com\/wp-content\/uploads\/2023\/03\/Stefhani-acuicultura-300x133.png 300w, https:\/\/expandeplus.com\/wp-content\/uploads\/2023\/03\/Stefhani-acuicultura-768x341.png 768w, https:\/\/expandeplus.com\/wp-content\/uploads\/2023\/03\/Stefhani-acuicultura-600x266.png 600w\" sizes=\"(max-width: 800px) 100vw, 800px\" \/><\/figure>\n<\/div>\n<\/div>\n\n\n\n<h2 class=\"wp-block-heading\">Captaci\u00f3n de Semillas<\/h2>\n\n\n\n<div style=\"height:10px\" aria-hidden=\"true\" class=\"wp-block-spacer\"><\/div>\n\n\n\n<p>Para la siembra, cultivo, extracci\u00f3n y comercializaci\u00f3n del recurso marino concha de abanico en la bah\u00eda de Sechura, como todos los lugares que se dedican a esta actividad acu\u00edcola) se requiere el abastecimiento continuo de semillas, obtenidas preferentemente mediante un proceso de captaci\u00f3n natural, a trav\u00e9s de la instalaci\u00f3n de colectores de semilla en bancos naturales o areas de cultivo de las mismas.<\/p>\n\n\n\n<div style=\"height:12px\" aria-hidden=\"true\" class=\"wp-block-spacer\"><\/div>\n\n\n\n<p><strong>Soporte<\/strong> <strong>t\u00e9cnico<\/strong> <strong>del estado peruano<\/strong>: Con la finalidad de realizar una buena captaci\u00f3n de larvas de concha de abanico, los acuicultores o maricultores artesanales cuentan con el soporte de informaci\u00f3n de parte de instituciones del estado como IMARPE, SANIPES, etc. quienes determinan los periodos de desove, las zonas donde se encuentran las concentraciones larvales de<em> Agropecten Purpuratus<\/em> (Concha de abanico), asimismo, cuales son los lugares en donde se ubican los desoves mas fuertes.<\/p>\n\n\n\n<div style=\"height:12px\" aria-hidden=\"true\" class=\"wp-block-spacer\"><\/div>\n\n\n\n<p> A continuaci\u00f3n ponemos a su disposici\u00f3n informaci\u00f3n acerca de la instalaci\u00f3n de l\u00edneas para la captaci\u00f3n de larvas de conchas de abanico. <\/p>\n\n\n\n<div style=\"height:10px\" aria-hidden=\"true\" class=\"wp-block-spacer\"><\/div>\n\n\n\n<h2 class=\"wp-block-heading has-text-align-center has-vivid-cyan-blue-color has-text-color\" style=\"font-size:24px;font-style:normal;font-weight:800\">ESTRUCTURA DE LONGLINE<\/h2>\n\n\n\n<figure class=\"wp-block-image size-large\"><img decoding=\"async\" loading=\"lazy\" width=\"1024\" height=\"609\" src=\"https:\/\/expandeplus.com\/wp-content\/uploads\/2023\/08\/estruxtura-longline-1-1024x609.png\" alt=\"\" class=\"wp-image-504\" srcset=\"https:\/\/expandeplus.com\/wp-content\/uploads\/2023\/08\/estruxtura-longline-1-1024x609.png 1024w, https:\/\/expandeplus.com\/wp-content\/uploads\/2023\/08\/estruxtura-longline-1-300x178.png 300w, https:\/\/expandeplus.com\/wp-content\/uploads\/2023\/08\/estruxtura-longline-1-768x457.png 768w, https:\/\/expandeplus.com\/wp-content\/uploads\/2023\/08\/estruxtura-longline-1-600x357.png 600w, https:\/\/expandeplus.com\/wp-content\/uploads\/2023\/08\/estruxtura-longline-1.png 1074w\" sizes=\"(max-width: 1024px) 100vw, 1024px\" \/><\/figure>\n\n\n\n<div style=\"height:24px\" aria-hidden=\"true\" class=\"wp-block-spacer\"><\/div>\n\n\n\n<p class=\"has-text-align-center has-vivid-cyan-blue-color has-text-color\" style=\"font-size:24px;font-style:normal;font-weight:800\">MEDIDAS DE LONGLINE<\/p>\n\n\n\n<figure class=\"wp-block-image size-large\"><img decoding=\"async\" loading=\"lazy\" width=\"1024\" height=\"602\" src=\"https:\/\/expandeplus.com\/wp-content\/uploads\/2023\/08\/medidas-1-1024x602.png\" alt=\"\" class=\"wp-image-512\" srcset=\"https:\/\/expandeplus.com\/wp-content\/uploads\/2023\/08\/medidas-1-1024x602.png 1024w, https:\/\/expandeplus.com\/wp-content\/uploads\/2023\/08\/medidas-1-300x176.png 300w, https:\/\/expandeplus.com\/wp-content\/uploads\/2023\/08\/medidas-1-768x451.png 768w, https:\/\/expandeplus.com\/wp-content\/uploads\/2023\/08\/medidas-1-600x353.png 600w, https:\/\/expandeplus.com\/wp-content\/uploads\/2023\/08\/medidas-1.png 1077w\" sizes=\"(max-width: 1024px) 100vw, 1024px\" \/><\/figure>\n","protected":false},"excerpt":{"rendered":"<p>Acuicultura de la Concha de Abanico Expande Plus, en diciembre del a\u00f1o 2009, inici\u00f3 la elaboraci\u00f3n del proyecto de inversion, nivel perfil, denominado &#8220;PRODUCCI\u00d3N DEL RECURSO HIDROBIOL\u00d3GICO CONCHA DE ABANICO&#8221; (Agropecten Purpuratus) en la isla de Chao y Gua\u00f1ape, provincia de Vir\u00fa, departamento de La Libertad, en asociaci\u00f3n con los pescadores artesanales de la zona. [&hellip;]<\/p>\n","protected":false},"author":1,"featured_media":574,"parent":0,"menu_order":0,"comment_status":"closed","ping_status":"closed","template":"","meta":{"footnotes":""},"_links":{"self":[{"href":"https:\/\/expandeplus.com\/index.php\/wp-json\/wp\/v2\/pages\/117"}],"collection":[{"href":"https:\/\/expandeplus.com\/index.php\/wp-json\/wp\/v2\/pages"}],"about":[{"href":"https:\/\/expandeplus.com\/index.php\/wp-json\/wp\/v2\/types\/page"}],"author":[{"embeddable":true,"href":"https:\/\/expandeplus.com\/index.php\/wp-json\/wp\/v2\/users\/1"}],"replies":[{"embeddable":true,"href":"https:\/\/expandeplus.com\/index.php\/wp-json\/wp\/v2\/comments?post=117"}],"version-history":[{"count":77,"href":"https:\/\/expandeplus.com\/index.php\/wp-json\/wp\/v2\/pages\/117\/revisions"}],"predecessor-version":[{"id":757,"href":"https:\/\/expandeplus.com\/index.php\/wp-json\/wp\/v2\/pages\/117\/revisions\/757"}],"wp:featuredmedia":[{"embeddable":true,"href":"https:\/\/expandeplus.com\/index.php\/wp-json\/wp\/v2\/media\/574"}],"wp:attachment":[{"href":"https:\/\/expandeplus.com\/index.php\/wp-json\/wp\/v2\/media?parent=117"}],"curies":[{"name":"wp","href":"https:\/\/api.w.org\/{rel}","templated":true}]}}